{"id":2,"date":"2025-02-23T10:21:34","date_gmt":"2025-02-23T09:21:34","guid":{"rendered":"http:\/\/jkplxjm.cluster021.hosting.ovh.net\/?page_id=2"},"modified":"2026-03-31T17:09:43","modified_gmt":"2026-03-31T15:09:43","slug":"page-d-exemple","status":"publish","type":"page","link":"https:\/\/www.kinoxydable.org\/","title":{"rendered":"Accueil"},"content":{"rendered":"\n<div class=\"wp-block-columns is-layout-flex wp-container-core-columns-is-layout-28f84493 wp-block-columns-is-layout-flex\">\n<div class=\"wp-block-column is-vertically-aligned-center is-layout-flow wp-block-column-is-layout-flow\"><\/div>\n<\/div>\n\n\n\n<figure class=\"wp-block-image size-full wp-duotone-unset-1\"><img loading=\"lazy\" decoding=\"async\" width=\"1500\" height=\"721\" src=\"https:\/\/www.kinoxydable.org\/wp-content\/uploads\/2026\/01\/Hippo10.png\" alt=\"\" class=\"wp-image-565\" srcset=\"https:\/\/www.kinoxydable.org\/wp-content\/uploads\/2026\/01\/Hippo10.png 1500w, https:\/\/www.kinoxydable.org\/wp-content\/uploads\/2026\/01\/Hippo10-300x144.png 300w, https:\/\/www.kinoxydable.org\/wp-content\/uploads\/2026\/01\/Hippo10-1024x492.png 1024w, https:\/\/www.kinoxydable.org\/wp-content\/uploads\/2026\/01\/Hippo10-768x369.png 768w, https:\/\/www.kinoxydable.org\/wp-content\/uploads\/2026\/01\/Hippo10-18x9.png 18w\" sizes=\"auto, (max-width: 1500px) 100vw, 1500px\" \/><\/figure>\n\n\n\n<hr class=\"wp-block-separator has-alpha-channel-opacity is-style-wide\"\/>\n\n\n\n<figure class=\"wp-block-embed is-type-video is-provider-youtube wp-block-embed-youtube wp-embed-aspect-16-9 wp-has-aspect-ratio\"><div class=\"wp-block-embed__wrapper\">\n<iframe loading=\"lazy\" title=\"KinoXydable 2026 - Teaser\" width=\"500\" height=\"281\" src=\"https:\/\/www.youtube.com\/embed\/qrpPMEpUi-Q?feature=oembed\" frameborder=\"0\" allow=\"accelerometer; autoplay; clipboard-write; encrypted-media; gyroscope; picture-in-picture; web-share\" referrerpolicy=\"strict-origin-when-cross-origin\" allowfullscreen><\/iframe>\n<\/div><\/figure>\n\n\n\n<hr class=\"wp-block-separator has-alpha-channel-opacity is-style-wide\"\/>\n\n\n\n<div style=\"height:19px\" aria-hidden=\"true\" class=\"wp-block-spacer\"><\/div>\n\n\n\n<div class=\"wp-block-group is-vertical is-content-justification-center is-layout-flex wp-container-core-group-is-layout-6363bf74 wp-block-group-is-layout-flex\">\n<div class=\"wp-block-buttons is-layout-flex wp-block-buttons-is-layout-flex\">\n<div class=\"wp-block-button has-custom-width wp-block-button__width-100 is-style-outline is-style-outline--2\"><a class=\"wp-block-button__link wp-element-button\" href=\"https:\/\/fr.wikipedia.org\/wiki\/Kino_(mouvement)\" target=\"_blank\" rel=\"noreferrer noopener\">Un Kino, k\u00e9sako?<\/a><\/div>\n\n\n\n<div class=\"wp-block-button has-custom-width wp-block-button__width-100 is-style-outline is-style-outline--3\"><a class=\"wp-block-button__link wp-element-button\" href=\"https:\/\/www.kinoxydable.org#moreinfo\">Le Kinoxydable<\/a><\/div>\n<\/div>\n\n\n\n<p class=\"has-text-align-center has-border-color has-base-color has-text-color has-background has-link-color has-medium-font-size wp-elements-97119eae73b2e33fadac2efef6c02e35\" id=\"complet\" style=\"border-color:#ff4fa3;border-style:solid;border-width:5px;border-top-left-radius:16px;border-top-right-radius:16px;border-bottom-left-radius:16px;border-bottom-right-radius:16px;background-color:#ff4fa3\">! La jauge des inscriptions est atteinte, vous pouvez toujours vous inscrire. <br> Vous serez d\u00e8s lors sur liste d&rsquo;attente (d\u00e9sistements il y aura certainement). <br>Ne payez pas directement en cas de nouvelle inscription, attendez notre retour !<\/p>\n\n\n\n<div class=\"wp-block-buttons is-content-justification-center is-layout-flex wp-container-core-buttons-is-layout-a89b3969 wp-block-buttons-is-layout-flex\">\n<div class=\"wp-block-button has-custom-width wp-block-button__width-75 is-style-fill\"><a class=\"wp-block-button__link wp-element-button\" href=\"https:\/\/framaforms.org\/inscription-1737586018\" target=\"_blank\" rel=\"noreferrer noopener\">Formulaire (via FramaForms)<\/a><\/div>\n\n\n\n<div class=\"wp-block-button has-custom-width wp-block-button__width-75 is-style-fill\"><a class=\"wp-block-button__link wp-element-button\" href=\"https:\/\/www.helloasso.com\/associations\/la-berlue-23\/evenements\/kinoxydable-saison-2\" target=\"_blank\" rel=\"noreferrer noopener\">  Paiement (via HelloAsso)   <\/a><\/div>\n<\/div>\n\n\n\n<p class=\"has-text-align-center\">Des questions ou difficult\u00e9s pour t&rsquo;inscrire : info@kinoxydable.org<\/p>\n\n\n\n<div class=\"wp-block-columns is-layout-flex wp-container-core-columns-is-layout-28f84493 wp-block-columns-is-layout-flex\">\n<div class=\"wp-block-column is-layout-flow wp-block-column-is-layout-flow\" style=\"flex-basis:25%\"><\/div>\n\n\n\n<div class=\"wp-block-column is-layout-flow wp-block-column-is-layout-flow\" style=\"flex-basis:50%\">\n<div class=\"wp-block-columns encadre is-layout-flex wp-container-core-columns-is-layout-28f84493 wp-block-columns-is-layout-flex\">\n<div class=\"wp-block-column is-vertically-aligned-center is-layout-flow wp-block-column-is-layout-flow\" style=\"flex-basis:20%\">\n<figure class=\"wp-block-image aligncenter size-full has-contrast-2-color wp-duotone-unset-4\"><a href=\"https:\/\/www.kinoxydable.org\/index.php\/charte-vss\/\"><img loading=\"lazy\" decoding=\"async\" width=\"950\" height=\"949\" src=\"https:\/\/www.kinoxydable.org\/wp-content\/uploads\/2026\/01\/vss2.png\" alt=\"\" class=\"wp-image-575\" style=\"aspect-ratio:1.0010716271754112\" srcset=\"https:\/\/www.kinoxydable.org\/wp-content\/uploads\/2026\/01\/vss2.png 950w, https:\/\/www.kinoxydable.org\/wp-content\/uploads\/2026\/01\/vss2-300x300.png 300w, https:\/\/www.kinoxydable.org\/wp-content\/uploads\/2026\/01\/vss2-150x150.png 150w, https:\/\/www.kinoxydable.org\/wp-content\/uploads\/2026\/01\/vss2-768x767.png 768w, https:\/\/www.kinoxydable.org\/wp-content\/uploads\/2026\/01\/vss2-12x12.png 12w\" sizes=\"auto, (max-width: 950px) 100vw, 950px\" \/><\/a><\/figure>\n<\/div>\n\n\n\n<div class=\"wp-block-column is-vertically-aligned-center is-layout-flow wp-block-column-is-layout-flow\" style=\"flex-basis:80%\">\n<p class=\"has-text-align-left encadre-text\">Cet \u00e9v\u00e9nement se d\u00e9roule dans un cadre d&rsquo;\u00e9changes et de bienveillance. Toute personne doit pouvoir se sentir en s\u00e9curit\u00e9 et incluse dans le collectif. Cette semaine est donc uniquement ouverte aux personnes qui sont en accord avec ces valeurs de vivre ensemble. cfr. <a href=\"https:\/\/www.kinoxydable.org\/index.php\/charte-vss\/\" data-type=\"page\" data-id=\"3\"><strong style=\"color:#FF4FA3;\">Notre Charte VSS<\/strong>.<\/a><\/p>\n<\/div>\n<\/div>\n<\/div>\n\n\n\n<div class=\"wp-block-column is-layout-flow wp-block-column-is-layout-flow\" style=\"flex-basis:25%\"><\/div>\n<\/div>\n<\/div>\n\n\n\n<hr class=\"wp-block-separator has-alpha-channel-opacity is-style-wide\"\/>\n\n\n\n<div style=\"height:30px\" aria-hidden=\"true\" class=\"wp-block-spacer\"><\/div>\n\n\n\n<div class=\"wp-block-columns is-layout-flex wp-container-core-columns-is-layout-28f84493 wp-block-columns-is-layout-flex\">\n<div class=\"wp-block-column is-layout-flow wp-block-column-is-layout-flow\">\n<figure class=\"wp-block-image alignright size-large is-resized wp-duotone-unset-5\"><a href=\"https:\/\/www.radiopaysdegueret.fr\/marche-a-lombre\/babe-et-fisher\" target=\"_blank\" rel=\" noreferrer noopener\"><img loading=\"lazy\" decoding=\"async\" width=\"1076\" height=\"1076\" src=\"https:\/\/www.kinoxydable.org\/wp-content\/uploads\/2026\/02\/Capture-decran-2026-02-11-a-20.42.51-edited.png\" alt=\"\" class=\"wp-image-587\" style=\"width:282px;height:auto\" srcset=\"https:\/\/www.kinoxydable.org\/wp-content\/uploads\/2026\/02\/Capture-decran-2026-02-11-a-20.42.51-edited.png 1076w, https:\/\/www.kinoxydable.org\/wp-content\/uploads\/2026\/02\/Capture-decran-2026-02-11-a-20.42.51-edited-300x300.png 300w, https:\/\/www.kinoxydable.org\/wp-content\/uploads\/2026\/02\/Capture-decran-2026-02-11-a-20.42.51-edited-1024x1024.png 1024w, https:\/\/www.kinoxydable.org\/wp-content\/uploads\/2026\/02\/Capture-decran-2026-02-11-a-20.42.51-edited-150x150.png 150w, https:\/\/www.kinoxydable.org\/wp-content\/uploads\/2026\/02\/Capture-decran-2026-02-11-a-20.42.51-edited-768x768.png 768w\" sizes=\"auto, (max-width: 1076px) 100vw, 1076px\" \/><\/a><\/figure>\n<\/div>\n\n\n\n<div class=\"wp-block-column is-layout-flow wp-block-column-is-layout-flow\">\n<p class=\"has-text-align-center\" style=\"margin-right:var(--wp--preset--spacing--40);margin-left:var(--wp--preset--spacing--40)\">Notre passage sur les ondes de RPG dans l&rsquo;\u00e9mission Marche \u00e0 l&rsquo;ombre<\/p>\n\n\n\n<p class=\"has-text-align-center\" style=\"margin-right:var(--wp--preset--spacing--40);margin-left:var(--wp--preset--spacing--40)\">On y d\u00e9taille les sp\u00e9cifit\u00e9s de notre format Kino<\/p>\n\n\n\n<div class=\"wp-block-buttons is-content-justification-center is-layout-flex wp-container-core-buttons-is-layout-098cc607 wp-block-buttons-is-layout-flex\">\n<div class=\"wp-block-button\"><a class=\"wp-block-button__link wp-element-button\" href=\"https:\/\/www.radiopaysdegueret.fr\/marche-a-lombre\/babe-et-fisher\">La rediffusion<\/a><\/div>\n<\/div>\n\n\n\n<p class=\"has-text-align-center has-small-font-size\" style=\"margin-right:var(--wp--preset--spacing--40);margin-left:var(--wp--preset--spacing--40)\">Merci aux \u00e9tudiants de l&rsquo;IUT pour leurs questions pertinentes et leur enthousiasme<\/p>\n<\/div>\n<\/div>\n\n\n\n<hr class=\"wp-block-separator alignwide has-alpha-channel-opacity\"\/>\n\n\n\n<div style=\"height:30px\" aria-hidden=\"true\" class=\"wp-block-spacer\"><\/div>\n\n\n\n<h2 class=\"wp-block-heading has-text-align-center has-contrast-2-color has-text-color has-link-color wp-elements-836a4debc0982dacbf40aead57e9c44c\" id=\"moreinfo\">Plus d&rsquo;infos<\/h2>\n\n\n\n<div class=\"wp-block-group has-global-padding is-layout-constrained wp-block-group-is-layout-constrained\">\n<p style=\"margin-right:0;margin-left:0;padding-top:0;padding-right:0;padding-bottom:0;padding-left:0\">Tu veux faire des films ?<br> <strong class=\"has-contrast-2-color\">Bienvenue au Kino !<\/strong><\/p>\n\n\n\n<p>Que ce soit en tant que r\u00e9alisatrice, acteur, maquilleur, monteuse&#8230;.<\/p>\n\n\n\n<p>Le Kino donne la chance \u00e0 chacun.e de participer \u00e0 la cr\u00e9ation de court-m\u00e9trages, de A \u00e0 Z, sans distinction d\u2019exp\u00e9rience ou de comp\u00e9tence.<\/p>\n\n\n\n<p>Les participant.e.s se retrouvent pendant plusieurs jours pour <strong class=\"has-contrast-2-color\">fabriquer ensemble des films<\/strong>, en partageant id\u00e9es et envies cr\u00e9atrices. <br>Le projet : faire et \u00e9changer pour vivre un moment collectif m\u00e9morable !<\/p>\n\n\n\n<p><strong class=\"has-contrast-2-color\">Le prix<\/strong> :<\/p>\n\n\n\n<p>La participation aux frais pour la semaine compl\u00e8te est fix\u00e9e \u00e0 <strong>70\u20ac<\/strong> par personne. <br>Cela inclut l\u2019h\u00e9bergement, les petits d\u00e9j\u2019, les repas du midi et du soir, l\u2019assurance et la location du mat\u00e9riel. <br>Un tarif solidaire sera possible, contactez-nous pour plus d\u2019infos.<\/p>\n\n\n\n<p class=\"has-contrast-2-color has-text-color has-link-color wp-elements-27e63e92c8c33217b71b57c8745a3d5f\"><strong>O\u00f9 et quand ?<\/strong><\/p>\n\n\n\n<p>Cela se passera \u00e0 la <strong class=\"has-contrast-2-color\">Quincaillerie Num\u00e9rique \u00e0 Gu\u00e9ret<\/strong>, du lundi 11 mai apr\u00e8s-midi au samedi 16 mai en fin de journ\u00e9e. <br>Une projection de tous les films, ouverte au public, est pr\u00e9vue au cin\u00e9ma le S\u00e9n\u00e9chal, dans la soir\u00e9e du 16 mai, pour cl\u00f4turer en beaut\u00e9 le Kino.<\/p>\n\n\n\n<p class=\"has-contrast-2-color has-text-color has-link-color wp-elements-07f646998cebaa6187ae2897332c26f6\"><strong>Le programme :<\/strong><\/p>\n\n\n\n<p>Le lundi apr\u00e8s-midi est consacr\u00e9 \u00e0 l\u2019accueil, c\u2019est une journ\u00e9e de rencontre.<\/p>\n\n\n\n<p>Les tournages d\u00e9butent mardi, qui sera une journ\u00e9e \u2018\u2019de chauffe\u2019\u2019 o\u00f9, pour se familiariser avec les diff\u00e9rentes \u00e9tapes de cr\u00e9ation, on r\u00e9alise en 24 heures des films de 3 minutes maximum.<\/p>\n\n\n\n<p>Et du mercredi au samedi, selon les projets et les affinit\u00e9s, des \u00e9quipes se forment, les id\u00e9es se concr\u00e9tisent et la magie op\u00e8re. \u00c0 savoir que la contrainte des 3 minutes par films est toujours pr\u00e9sente dans cette phase de cr\u00e9ation.<\/p>\n\n\n\n<p class=\"has-contrast-2-color has-text-color has-link-color wp-elements-f2ca61c3fc1124602cca83f8a9be89ac\"><strong>Inscription&nbsp;:<\/strong><\/p>\n\n\n\n<p>Le nombre de participant.e.s est limit\u00e9 \u00e0 30 personnes.<\/p>\n\n\n\n<p>Tu peux retrouver, en haut de cette page, les liens vers le formulaire d\u2019inscriptions ainsi que les modalit\u00e9s de paiement.<\/p>\n\n\n\n<p class=\"has-contrast-2-color has-text-color has-link-color wp-elements-5db88c9eca0455c679b2bf9c02710ae3\"><strong>Les inscriptions se cl\u00f4tureront le&nbsp;15 Avril au plus tard.<\/strong><\/p>\n\n\n\n<p class=\"has-contrast-2-color has-text-color has-link-color wp-elements-a1fcf04f0c72de18b4633539455caaf4\"><strong>Pour voir les r\u00e9alisations de 2025 <\/strong>: <a href=\"https:\/\/www.youtube.com\/@KinoXydable\" target=\"_blank\" rel=\"noreferrer noopener\">KinoXydable &#8211; YouTube<\/a><\/p>\n<\/div>\n\n\n\n<hr class=\"wp-block-separator has-alpha-channel-opacity is-style-wide\"\/>\n\n\n\n<div style=\"height:50px\" aria-hidden=\"true\" class=\"wp-block-spacer\"><\/div>\n\n\n\n<div class=\"wp-block-group is-layout-flow wp-block-group-is-layout-flow\">\n<h2 class=\"wp-block-heading has-text-align-center has-contrast-2-color has-text-color has-link-color wp-elements-d0609edad73ce261f95a62f58caf1edf\">Nos partenaires<\/h2>\n\n\n\n<div class=\"wp-block-columns is-layout-flex wp-container-core-columns-is-layout-28f84493 wp-block-columns-is-layout-flex\">\n<div class=\"wp-block-column is-layout-flow wp-block-column-is-layout-flow\">\n<figure class=\"wp-block-image aligncenter size-full wp-duotone-714578-f9f8f5-6\"><a href=\"https:\/\/laberlue.org\" target=\"_blank\" rel=\" noreferrer noopener\"><img loading=\"lazy\" decoding=\"async\" width=\"700\" height=\"700\" src=\"https:\/\/www.kinoxydable.org\/wp-content\/uploads\/2025\/03\/berlue.png\" alt=\"\" class=\"wp-image-203\" srcset=\"https:\/\/www.kinoxydable.org\/wp-content\/uploads\/2025\/03\/berlue.png 700w, https:\/\/www.kinoxydable.org\/wp-content\/uploads\/2025\/03\/berlue-300x300.png 300w, https:\/\/www.kinoxydable.org\/wp-content\/uploads\/2025\/03\/berlue-150x150.png 150w\" sizes=\"auto, (max-width: 700px) 100vw, 700px\" \/><\/a><\/figure>\n\n\n\n<p class=\"has-text-align-center\">La Berlue<\/p>\n<\/div>\n\n\n\n<div class=\"wp-block-column is-layout-flow wp-block-column-is-layout-flow\">\n<figure class=\"wp-block-image size-full wp-duotone-714578-f9f8f5-7\"><a href=\"https:\/\/www.laquincaillerie.tl\/\" target=\"_blank\" rel=\" noreferrer noopener\"><img loading=\"lazy\" decoding=\"async\" width=\"250\" height=\"250\" src=\"https:\/\/www.kinoxydable.org\/wp-content\/uploads\/2025\/02\/quincaille.png\" alt=\"\" class=\"wp-image-184\" srcset=\"https:\/\/www.kinoxydable.org\/wp-content\/uploads\/2025\/02\/quincaille.png 250w, https:\/\/www.kinoxydable.org\/wp-content\/uploads\/2025\/02\/quincaille-150x150.png 150w\" sizes=\"auto, (max-width: 250px) 100vw, 250px\" \/><\/a><\/figure>\n\n\n\n<p class=\"has-text-align-center\">La Quincaillerie Num\u00e9rique<\/p>\n<\/div>\n\n\n\n<div class=\"wp-block-column is-layout-flow wp-block-column-is-layout-flow\">\n<figure class=\"wp-block-image size-full is-style-default wp-duotone-714578-f9f8f5-8\"><a href=\"https:\/\/www.facebook.com\/cafeterrien\" target=\"_blank\" rel=\" noreferrer noopener\"><img loading=\"lazy\" decoding=\"async\" width=\"625\" height=\"625\" src=\"https:\/\/www.kinoxydable.org\/wp-content\/uploads\/2025\/02\/cafeterrien.jpg\" alt=\"\" class=\"wp-image-183\" srcset=\"https:\/\/www.kinoxydable.org\/wp-content\/uploads\/2025\/02\/cafeterrien.jpg 625w, https:\/\/www.kinoxydable.org\/wp-content\/uploads\/2025\/02\/cafeterrien-300x300.jpg 300w, https:\/\/www.kinoxydable.org\/wp-content\/uploads\/2025\/02\/cafeterrien-150x150.jpg 150w\" sizes=\"auto, (max-width: 625px) 100vw, 625px\" \/><\/a><\/figure>\n\n\n\n<p class=\"has-text-align-center\">Le Caf\u00e9 Terrien<\/p>\n<\/div>\n\n\n\n<div class=\"wp-block-column is-layout-flow wp-block-column-is-layout-flow\">\n<figure class=\"wp-block-image size-full wp-duotone-714578-f9f8f5-9\"><a href=\"https:\/\/www.telegueretvision.fr\/\" target=\"_blank\" rel=\" noreferrer noopener\"><img loading=\"lazy\" decoding=\"async\" width=\"304\" height=\"304\" src=\"https:\/\/www.kinoxydable.org\/wp-content\/uploads\/2025\/02\/tgv.jpg\" alt=\"\" class=\"wp-image-185\" srcset=\"https:\/\/www.kinoxydable.org\/wp-content\/uploads\/2025\/02\/tgv.jpg 304w, https:\/\/www.kinoxydable.org\/wp-content\/uploads\/2025\/02\/tgv-300x300.jpg 300w, https:\/\/www.kinoxydable.org\/wp-content\/uploads\/2025\/02\/tgv-150x150.jpg 150w\" sizes=\"auto, (max-width: 304px) 100vw, 304px\" \/><\/a><\/figure>\n\n\n\n<p class=\"has-text-align-center\">T\u00e9l\u00e9 Gu\u00e9ret Vision<\/p>\n<\/div>\n\n\n\n<div class=\"wp-block-column is-layout-flow wp-block-column-is-layout-flow\">\n<figure class=\"wp-block-image size-full wp-duotone-714578-f9f8f5-10\"><a href=\"https:\/\/www.radiopaysdegueret.fr\/\" target=\"_blank\" rel=\" noreferrer noopener\"><img loading=\"lazy\" decoding=\"async\" width=\"960\" height=\"960\" src=\"https:\/\/www.kinoxydable.org\/wp-content\/uploads\/2025\/03\/RPG-Gueret.png\" alt=\"\" class=\"wp-image-204\" srcset=\"https:\/\/www.kinoxydable.org\/wp-content\/uploads\/2025\/03\/RPG-Gueret.png 960w, https:\/\/www.kinoxydable.org\/wp-content\/uploads\/2025\/03\/RPG-Gueret-300x300.png 300w, https:\/\/www.kinoxydable.org\/wp-content\/uploads\/2025\/03\/RPG-Gueret-150x150.png 150w, https:\/\/www.kinoxydable.org\/wp-content\/uploads\/2025\/03\/RPG-Gueret-768x768.png 768w\" sizes=\"auto, (max-width: 960px) 100vw, 960px\" \/><\/a><\/figure>\n\n\n\n<p class=\"has-text-align-center\">Radio Pays de Gu\u00e9ret<\/p>\n<\/div>\n\n\n\n<div class=\"wp-block-column is-layout-flow wp-block-column-is-layout-flow\">\n<figure class=\"wp-block-image size-full is-style-default wp-duotone-714578-f9f8f5-11\"><a href=\"https:\/\/lesfilmsdelacaillasse.com\/\" target=\"_blank\" rel=\" noreferrer noopener\"><img loading=\"lazy\" decoding=\"async\" width=\"848\" height=\"848\" src=\"https:\/\/www.kinoxydable.org\/wp-content\/uploads\/2025\/02\/caillasse.jpg\" alt=\"\" class=\"wp-image-181\" srcset=\"https:\/\/www.kinoxydable.org\/wp-content\/uploads\/2025\/02\/caillasse.jpg 848w, https:\/\/www.kinoxydable.org\/wp-content\/uploads\/2025\/02\/caillasse-300x300.jpg 300w, https:\/\/www.kinoxydable.org\/wp-content\/uploads\/2025\/02\/caillasse-150x150.jpg 150w, https:\/\/www.kinoxydable.org\/wp-content\/uploads\/2025\/02\/caillasse-768x768.jpg 768w\" sizes=\"auto, (max-width: 848px) 100vw, 848px\" \/><\/a><\/figure>\n\n\n\n<p class=\"has-text-align-center\">Les Films de la Caillasse<\/p>\n<\/div>\n<\/div>\n\n\n\n<div class=\"wp-block-columns is-layout-flex wp-container-core-columns-is-layout-28f84493 wp-block-columns-is-layout-flex\">\n<div class=\"wp-block-column is-layout-flow wp-block-column-is-layout-flow\">\n<figure class=\"wp-block-image size-full is-style-default wp-duotone-714578-f9f8f5-12\"><a href=\"https:\/\/www.cinema-senechal.com\/\" target=\"_blank\" rel=\" noreferrer noopener\"><img loading=\"lazy\" decoding=\"async\" width=\"883\" height=\"882\" src=\"https:\/\/www.kinoxydable.org\/wp-content\/uploads\/2025\/02\/senechal.png\" alt=\"\" class=\"wp-image-191\" srcset=\"https:\/\/www.kinoxydable.org\/wp-content\/uploads\/2025\/02\/senechal.png 883w, https:\/\/www.kinoxydable.org\/wp-content\/uploads\/2025\/02\/senechal-300x300.png 300w, https:\/\/www.kinoxydable.org\/wp-content\/uploads\/2025\/02\/senechal-150x150.png 150w, https:\/\/www.kinoxydable.org\/wp-content\/uploads\/2025\/02\/senechal-768x767.png 768w\" sizes=\"auto, (max-width: 883px) 100vw, 883px\" \/><\/a><\/figure>\n\n\n\n<p class=\"has-text-align-center\">Cin\u00e9ma Le S\u00e9n\u00e9chal<\/p>\n<\/div>\n\n\n\n<div class=\"wp-block-column is-layout-flow wp-block-column-is-layout-flow\">\n<figure class=\"wp-block-image size-large wp-duotone-714578-f9f8f5-13\"><a href=\"https:\/\/telemillevaches.net\/\" target=\"_blank\" rel=\" noreferrer noopener\"><img loading=\"lazy\" decoding=\"async\" width=\"1024\" height=\"1024\" src=\"https:\/\/www.kinoxydable.org\/wp-content\/uploads\/2025\/02\/telemillevaches-1024x1024.jpg\" alt=\"\" class=\"wp-image-190\" srcset=\"https:\/\/www.kinoxydable.org\/wp-content\/uploads\/2025\/02\/telemillevaches-1024x1024.jpg 1024w, https:\/\/www.kinoxydable.org\/wp-content\/uploads\/2025\/02\/telemillevaches-300x300.jpg 300w, https:\/\/www.kinoxydable.org\/wp-content\/uploads\/2025\/02\/telemillevaches-150x150.jpg 150w, https:\/\/www.kinoxydable.org\/wp-content\/uploads\/2025\/02\/telemillevaches-768x768.jpg 768w, https:\/\/www.kinoxydable.org\/wp-content\/uploads\/2025\/02\/telemillevaches.jpg 1512w\" sizes=\"auto, (max-width: 1024px) 100vw, 1024px\" \/><\/a><\/figure>\n\n\n\n<p class=\"has-text-align-center\">T\u00e9l\u00e9 Millevaches<\/p>\n<\/div>\n\n\n\n<div class=\"wp-block-column is-layout-flow wp-block-column-is-layout-flow\">\n<figure class=\"wp-block-image size-full wp-duotone-714578-f9f8f5-14\"><a href=\"https:\/\/www.grandgueret.com\/\" target=\"_blank\" rel=\" noreferrer noopener\"><img loading=\"lazy\" decoding=\"async\" width=\"547\" height=\"547\" src=\"https:\/\/www.kinoxydable.org\/wp-content\/uploads\/2025\/02\/agglo.jpg\" alt=\"\" class=\"wp-image-198\" srcset=\"https:\/\/www.kinoxydable.org\/wp-content\/uploads\/2025\/02\/agglo.jpg 547w, https:\/\/www.kinoxydable.org\/wp-content\/uploads\/2025\/02\/agglo-300x300.jpg 300w, https:\/\/www.kinoxydable.org\/wp-content\/uploads\/2025\/02\/agglo-150x150.jpg 150w\" sizes=\"auto, (max-width: 547px) 100vw, 547px\" \/><\/a><\/figure>\n\n\n\n<p class=\"has-text-align-center\">L&rsquo;Agglo Grand Gu\u00e9ret<\/p>\n<\/div>\n\n\n\n<div class=\"wp-block-column is-vertically-aligned-bottom is-layout-flow wp-block-column-is-layout-flow\">\n<figure class=\"wp-block-image aligncenter size-full wp-duotone-714578-f9f8f5-15\"><a href=\"https:\/\/nouvelleaquitaine-fr.cidff.info\/partenaires\/la-prefecture-de-la-region-nouvelle-aquitaine-et-la-drdfe\/\" target=\"_blank\" rel=\" noreferrer noopener\"><img loading=\"lazy\" decoding=\"async\" width=\"2048\" height=\"1291\" src=\"https:\/\/www.kinoxydable.org\/wp-content\/uploads\/2026\/01\/aquitaine.jpeg\" alt=\"\" class=\"wp-image-579\" srcset=\"https:\/\/www.kinoxydable.org\/wp-content\/uploads\/2026\/01\/aquitaine.jpeg 2048w, https:\/\/www.kinoxydable.org\/wp-content\/uploads\/2026\/01\/aquitaine-300x189.jpeg 300w, https:\/\/www.kinoxydable.org\/wp-content\/uploads\/2026\/01\/aquitaine-1024x646.jpeg 1024w, https:\/\/www.kinoxydable.org\/wp-content\/uploads\/2026\/01\/aquitaine-768x484.jpeg 768w, https:\/\/www.kinoxydable.org\/wp-content\/uploads\/2026\/01\/aquitaine-1536x968.jpeg 1536w, https:\/\/www.kinoxydable.org\/wp-content\/uploads\/2026\/01\/aquitaine-18x12.jpeg 18w\" sizes=\"auto, (max-width: 2048px) 100vw, 2048px\" \/><\/a><\/figure>\n\n\n\n<p class=\"has-text-align-center\">L&rsquo;Agglo Grand Gu\u00e9ret<\/p>\n<\/div>\n\n\n\n<div class=\"wp-block-column is-vertically-aligned-bottom is-layout-flow wp-block-column-is-layout-flow\">\n<figure class=\"wp-block-image size-full wp-duotone-714578-f9f8f5-16\"><a href=\"https:\/\/www.ville-gueret.fr\/\" target=\"_blank\" rel=\" noreferrer noopener\"><img loading=\"lazy\" decoding=\"async\" width=\"2560\" height=\"1282\" src=\"https:\/\/www.kinoxydable.org\/wp-content\/uploads\/2026\/01\/Logo-Gueret.jpg\" alt=\"\" class=\"wp-image-580\" srcset=\"https:\/\/www.kinoxydable.org\/wp-content\/uploads\/2026\/01\/Logo-Gueret.jpg 2560w, https:\/\/www.kinoxydable.org\/wp-content\/uploads\/2026\/01\/Logo-Gueret-300x150.jpg 300w, https:\/\/www.kinoxydable.org\/wp-content\/uploads\/2026\/01\/Logo-Gueret-1024x513.jpg 1024w, https:\/\/www.kinoxydable.org\/wp-content\/uploads\/2026\/01\/Logo-Gueret-768x385.jpg 768w, https:\/\/www.kinoxydable.org\/wp-content\/uploads\/2026\/01\/Logo-Gueret-1536x769.jpg 1536w, https:\/\/www.kinoxydable.org\/wp-content\/uploads\/2026\/01\/Logo-Gueret-2048x1026.jpg 2048w, https:\/\/www.kinoxydable.org\/wp-content\/uploads\/2026\/01\/Logo-Gueret-18x9.jpg 18w\" sizes=\"auto, (max-width: 2560px) 100vw, 2560px\" \/><\/a><\/figure>\n\n\n\n<p class=\"has-text-align-center\">La ville<br>de Gu\u00e9ret<\/p>\n<\/div>\n\n\n\n<div class=\"wp-block-column is-layout-flow wp-block-column-is-layout-flow\">\n<figure class=\"wp-block-image size-full wp-duotone-rgb11369120-f9f8f5-17\"><img loading=\"lazy\" decoding=\"async\" width=\"200\" height=\"200\" src=\"https:\/\/www.kinoxydable.org\/wp-content\/uploads\/2026\/03\/signal-2026-03-31-091534_002.jpeg\" alt=\"\" class=\"wp-image-654\" srcset=\"https:\/\/www.kinoxydable.org\/wp-content\/uploads\/2026\/03\/signal-2026-03-31-091534_002.jpeg 200w, https:\/\/www.kinoxydable.org\/wp-content\/uploads\/2026\/03\/signal-2026-03-31-091534_002-150x150.jpeg 150w\" sizes=\"auto, (max-width: 200px) 100vw, 200px\" \/><\/figure>\n\n\n\n<p class=\"has-text-align-center\">Escapade<\/p>\n<\/div>\n<\/div>\n<\/div>\n","protected":false},"excerpt":{"rendered":"<p>Le Kino donne la chance \u00e0 chacun.e de participer \u00e0 la cr\u00e9ation de court-m\u00e9trages, de A \u00e0 Z, sans distinction d\u2019exp\u00e9rience ou de comp\u00e9tence.<\/p>\n","protected":false},"author":1,"featured_media":0,"parent":0,"menu_order":0,"comment_status":"closed","ping_status":"open","template":"","meta":{"footnotes":""},"class_list":["post-2","page","type-page","status-publish","hentry"],"_links":{"self":[{"href":"https:\/\/www.kinoxydable.org\/index.php\/wp-json\/wp\/v2\/pages\/2","targetHints":{"allow":["GET"]}}],"collection":[{"href":"https:\/\/www.kinoxydable.org\/index.php\/wp-json\/wp\/v2\/pages"}],"about":[{"href":"https:\/\/www.kinoxydable.org\/index.php\/wp-json\/wp\/v2\/types\/page"}],"author":[{"embeddable":true,"href":"https:\/\/www.kinoxydable.org\/index.php\/wp-json\/wp\/v2\/users\/1"}],"replies":[{"embeddable":true,"href":"https:\/\/www.kinoxydable.org\/index.php\/wp-json\/wp\/v2\/comments?post=2"}],"version-history":[{"count":269,"href":"https:\/\/www.kinoxydable.org\/index.php\/wp-json\/wp\/v2\/pages\/2\/revisions"}],"predecessor-version":[{"id":658,"href":"https:\/\/www.kinoxydable.org\/index.php\/wp-json\/wp\/v2\/pages\/2\/revisions\/658"}],"wp:attachment":[{"href":"https:\/\/www.kinoxydable.org\/index.php\/wp-json\/wp\/v2\/media?parent=2"}],"curies":[{"name":"wp","href":"https:\/\/api.w.org\/{rel}","templated":true}]}}