{"id":279,"date":"2025-05-14T11:32:20","date_gmt":"2025-05-14T09:32:20","guid":{"rendered":"https:\/\/www.kinoxydable.org\/?page_id=279"},"modified":"2026-02-13T15:31:57","modified_gmt":"2026-02-13T14:31:57","slug":"presse","status":"publish","type":"page","link":"https:\/\/www.kinoxydable.org\/index.php\/presse\/","title":{"rendered":"Presse"},"content":{"rendered":"\n<p><a href=\"https:\/\/www.radiopaysdegueret.fr\/marche-a-lombre\/babe-et-fisher\" target=\"_blank\" rel=\"noreferrer noopener\"><\/a><a href=\"https:\/\/www.radiopaysdegueret.fr\/marche-a-lombre\/babe-et-fisher\" target=\"_blank\" rel=\"noreferrer noopener\"><\/a><\/p>\n\n\n\n<h2 class=\"wp-block-heading has-text-align-center has-contrast-2-color has-text-color has-link-color wp-elements-28002ca9101a37ba33a1f0ab9530065a\">Page Presse<\/h2>\n\n\n\n<hr class=\"wp-block-separator has-alpha-channel-opacity\"\/>\n\n\n\n<div style=\"height:30px\" aria-hidden=\"true\" class=\"wp-block-spacer\"><\/div>\n\n\n\n<p class=\"has-text-align-center has-base-2-color has-text-color has-link-color wp-elements-213a509baa4950edc5ac167444031856\"><strong>12 f\u00e9vrier 2026 &#8211; Interview &#8211; RPG<\/strong><\/p>\n\n\n\n<div class=\"wp-block-columns is-layout-flex wp-container-core-columns-is-layout-28f84493 wp-block-columns-is-layout-flex\">\n<div class=\"wp-block-column is-layout-flow wp-block-column-is-layout-flow\">\n<figure class=\"wp-block-image alignright size-large is-resized wp-duotone-unset-1\"><a href=\"https:\/\/www.radiopaysdegueret.fr\/marche-a-lombre\/babe-et-fisher\" target=\"_blank\" rel=\" noreferrer noopener\"><img loading=\"lazy\" decoding=\"async\" width=\"1076\" height=\"1076\" src=\"https:\/\/www.kinoxydable.org\/wp-content\/uploads\/2026\/02\/Capture-decran-2026-02-11-a-20.42.51-edited.png\" alt=\"\" class=\"wp-image-587\" style=\"width:282px;height:auto\" srcset=\"https:\/\/www.kinoxydable.org\/wp-content\/uploads\/2026\/02\/Capture-decran-2026-02-11-a-20.42.51-edited.png 1076w, https:\/\/www.kinoxydable.org\/wp-content\/uploads\/2026\/02\/Capture-decran-2026-02-11-a-20.42.51-edited-300x300.png 300w, https:\/\/www.kinoxydable.org\/wp-content\/uploads\/2026\/02\/Capture-decran-2026-02-11-a-20.42.51-edited-1024x1024.png 1024w, https:\/\/www.kinoxydable.org\/wp-content\/uploads\/2026\/02\/Capture-decran-2026-02-11-a-20.42.51-edited-150x150.png 150w, https:\/\/www.kinoxydable.org\/wp-content\/uploads\/2026\/02\/Capture-decran-2026-02-11-a-20.42.51-edited-768x768.png 768w\" sizes=\"auto, (max-width: 1076px) 100vw, 1076px\" \/><\/a><\/figure>\n<\/div>\n\n\n\n<div class=\"wp-block-column is-layout-flow wp-block-column-is-layout-flow\">\n<p class=\"has-text-align-center\" style=\"margin-right:var(--wp--preset--spacing--40);margin-left:var(--wp--preset--spacing--40)\">Notre passage sur les ondes de RPG dans l&rsquo;\u00e9mission Marche \u00e0 l&rsquo;ombre.<\/p>\n\n\n\n<p class=\"has-text-align-center\" style=\"margin-right:var(--wp--preset--spacing--40);margin-left:var(--wp--preset--spacing--40)\">On y d\u00e9taille les sp\u00e9cifit\u00e9s de notre format Kino.<\/p>\n\n\n\n<div class=\"wp-block-buttons is-content-justification-center is-layout-flex wp-container-core-buttons-is-layout-098cc607 wp-block-buttons-is-layout-flex\">\n<div class=\"wp-block-button\"><a class=\"wp-block-button__link wp-element-button\" href=\"https:\/\/www.radiopaysdegueret.fr\/marche-a-lombre\/babe-et-fisher\">La rediffusion<\/a><\/div>\n<\/div>\n\n\n\n<p class=\"has-text-align-center has-small-font-size\" style=\"margin-right:var(--wp--preset--spacing--40);margin-left:var(--wp--preset--spacing--40)\">Merci aux \u00e9tudiants de l&rsquo;IUT pour leurs questions pertinentes et leur enthousiasme<\/p>\n<\/div>\n<\/div>\n\n\n\n<hr class=\"wp-block-separator has-alpha-channel-opacity\"\/>\n\n\n\n<div style=\"height:30px\" aria-hidden=\"true\" class=\"wp-block-spacer\"><\/div>\n\n\n\n<p class=\"has-text-align-center has-base-2-color has-text-color has-link-color wp-elements-9a81378ef4bb773140b176e79bc4a599\"><strong>12 au 16 mai 2025 &#8211; Reportage &#8211; RPG<\/strong><\/p>\n\n\n\n<div class=\"wp-block-columns is-layout-flex wp-container-core-columns-is-layout-28f84493 wp-block-columns-is-layout-flex\">\n<div class=\"wp-block-column is-layout-flow wp-block-column-is-layout-flow\">\n<p><\/p>\n\n\n\n<p class=\"has-text-align-center\" style=\"padding-right:var(--wp--preset--spacing--40);padding-left:var(--wp--preset--spacing--40)\">Couverture de l&rsquo;\u00e9v\u00e8nement par la reportrice Anne-Laure de RPG.<\/p>\n\n\n\n<p class=\"has-text-align-center\" style=\"margin-right:var(--wp--preset--spacing--40);margin-left:var(--wp--preset--spacing--40)\">Dans son \u00e9mission \u00ab\u00a03D\u00a0\u00bb en 5 \u00e9pisodes, elle couvre, de l&rsquo;accueil des participant.e.s \u00e0 la projection au cin\u00e9ma, les 5 jours du KinoXydable 2025.<\/p>\n\n\n\n<div class=\"wp-block-buttons is-content-justification-center is-layout-flex wp-container-core-buttons-is-layout-098cc607 wp-block-buttons-is-layout-flex\">\n<div class=\"wp-block-button\"><a class=\"wp-block-button__link wp-element-button\" href=\"https:\/\/www.radiopaysdegueret.fr\/series\/kino\" target=\"_blank\" rel=\"noreferrer noopener\">Les \u00e9pidodes<\/a><\/div>\n<\/div>\n<\/div>\n\n\n\n<div class=\"wp-block-column is-layout-flow wp-block-column-is-layout-flow\">\n<figure class=\"wp-block-image size-large is-resized wp-duotone-unset-2\"><img loading=\"lazy\" decoding=\"async\" width=\"1024\" height=\"1014\" src=\"https:\/\/www.kinoxydable.org\/wp-content\/uploads\/2026\/02\/Capture-decran-2026-02-13-a-00.59.31-1024x1014.png\" alt=\"\" class=\"wp-image-596\" style=\"aspect-ratio:1.0096906678983544;width:322px;height:auto\" srcset=\"https:\/\/www.kinoxydable.org\/wp-content\/uploads\/2026\/02\/Capture-decran-2026-02-13-a-00.59.31-1024x1014.png 1024w, https:\/\/www.kinoxydable.org\/wp-content\/uploads\/2026\/02\/Capture-decran-2026-02-13-a-00.59.31-300x297.png 300w, https:\/\/www.kinoxydable.org\/wp-content\/uploads\/2026\/02\/Capture-decran-2026-02-13-a-00.59.31-150x150.png 150w, https:\/\/www.kinoxydable.org\/wp-content\/uploads\/2026\/02\/Capture-decran-2026-02-13-a-00.59.31-768x761.png 768w, https:\/\/www.kinoxydable.org\/wp-content\/uploads\/2026\/02\/Capture-decran-2026-02-13-a-00.59.31.png 1040w\" sizes=\"auto, (max-width: 1024px) 100vw, 1024px\" \/><\/figure>\n<\/div>\n<\/div>\n\n\n\n<hr class=\"wp-block-separator has-alpha-channel-opacity is-style-default\"\/>\n\n\n\n<div style=\"height:30px\" aria-hidden=\"true\" class=\"wp-block-spacer\"><\/div>\n\n\n\n<p class=\"has-text-align-center has-base-2-color has-text-color has-link-color wp-elements-a01bbeaf39b5459a11e4b3c965077bb0\"><strong>9 mai 2025 &#8211; Couverture &#8211; Ici Creuse<\/strong><\/p>\n\n\n\n<div class=\"wp-block-columns is-layout-flex wp-container-core-columns-is-layout-28f84493 wp-block-columns-is-layout-flex\">\n<div class=\"wp-block-column is-layout-flow wp-block-column-is-layout-flow\">\n<p class=\"has-text-align-center\" style=\"margin-right:var(--wp--preset--spacing--40);margin-left:var(--wp--preset--spacing--40)\">On parle de nous sur France Bleu\/Ici Creuse<\/p>\n\n\n\n<p class=\"has-text-align-center\" style=\"margin-right:var(--wp--preset--spacing--40);margin-left:var(--wp--preset--spacing--40)\">\u00ab\u00a0Creuse : une trentaine de personnes cr\u00e9e des films pendant une semaine dans Gu\u00e9ret et ses alentours\u00a0\u00bb<\/p>\n\n\n\n<div class=\"wp-block-buttons is-content-justification-center is-layout-flex wp-container-core-buttons-is-layout-098cc607 wp-block-buttons-is-layout-flex\">\n<div class=\"wp-block-button\"><a class=\"wp-block-button__link wp-element-button\" href=\"https:\/\/www.francebleu.fr\/emissions\/l-info-d-ici-ici-creuse\/creuse-une-trentaine-de-personnes-cree-des-films-pendant-une-semaine-dans-gueret-et-ses-alentours-7953146\" target=\"_blank\" rel=\"noreferrer noopener\">L&rsquo;article<\/a><\/div>\n<\/div>\n<\/div>\n\n\n\n<div class=\"wp-block-column is-layout-flow wp-block-column-is-layout-flow\">\n<figure class=\"wp-block-image size-large is-resized wp-duotone-unset-3\"><img loading=\"lazy\" decoding=\"async\" width=\"1024\" height=\"580\" src=\"https:\/\/www.kinoxydable.org\/wp-content\/uploads\/2026\/02\/1200x680-1024x580.webp\" alt=\"\" class=\"wp-image-591\" style=\"aspect-ratio:1.7655115049792953;width:390px;height:auto\" srcset=\"https:\/\/www.kinoxydable.org\/wp-content\/uploads\/2026\/02\/1200x680-1024x580.webp 1024w, https:\/\/www.kinoxydable.org\/wp-content\/uploads\/2026\/02\/1200x680-300x170.webp 300w, https:\/\/www.kinoxydable.org\/wp-content\/uploads\/2026\/02\/1200x680-768x435.webp 768w, https:\/\/www.kinoxydable.org\/wp-content\/uploads\/2026\/02\/1200x680.webp 1200w\" sizes=\"auto, (max-width: 1024px) 100vw, 1024px\" \/><\/figure>\n<\/div>\n<\/div>\n\n\n\n<hr class=\"wp-block-separator has-alpha-channel-opacity\"\/>\n\n\n\n<div style=\"height:30px\" aria-hidden=\"true\" class=\"wp-block-spacer\"><\/div>\n\n\n\n<p class=\"has-text-align-center has-base-2-color has-text-color has-link-color wp-elements-62aea1ad42165fc58d94f6b3f0a8c77b\"><strong>9 avril 2025 &#8211; Interview &#8211; RPG<\/strong><\/p>\n\n\n\n<div class=\"wp-block-columns is-layout-flex wp-container-core-columns-is-layout-28f84493 wp-block-columns-is-layout-flex\">\n<div class=\"wp-block-column is-layout-flow wp-block-column-is-layout-flow\">\n<figure class=\"wp-block-image alignright size-large is-resized wp-duotone-unset-4\"><img loading=\"lazy\" decoding=\"async\" width=\"1067\" height=\"1070\" src=\"https:\/\/www.kinoxydable.org\/wp-content\/uploads\/2026\/02\/Capture-decran-2026-02-13-a-00.45.21-edited.png\" alt=\"\" class=\"wp-image-593\" style=\"aspect-ratio:0.9964405888472617;width:243px;height:auto\" srcset=\"https:\/\/www.kinoxydable.org\/wp-content\/uploads\/2026\/02\/Capture-decran-2026-02-13-a-00.45.21-edited.png 1067w, https:\/\/www.kinoxydable.org\/wp-content\/uploads\/2026\/02\/Capture-decran-2026-02-13-a-00.45.21-edited-300x300.png 300w, https:\/\/www.kinoxydable.org\/wp-content\/uploads\/2026\/02\/Capture-decran-2026-02-13-a-00.45.21-edited-1021x1024.png 1021w, https:\/\/www.kinoxydable.org\/wp-content\/uploads\/2026\/02\/Capture-decran-2026-02-13-a-00.45.21-edited-150x150.png 150w, https:\/\/www.kinoxydable.org\/wp-content\/uploads\/2026\/02\/Capture-decran-2026-02-13-a-00.45.21-edited-768x770.png 768w\" sizes=\"auto, (max-width: 1067px) 100vw, 1067px\" \/><\/figure>\n<\/div>\n\n\n\n<div class=\"wp-block-column is-layout-flow wp-block-column-is-layout-flow\">\n<p><\/p>\n\n\n\n<p class=\"has-text-align-center\" style=\"margin-right:var(--wp--preset--spacing--40);margin-left:var(--wp--preset--spacing--40)\">\u00ab\u00a0Marche \u00e0 l\u2019ombre\u00a0\u00bb pour pr\u00e9senter le lancement du premier Kino Creusois (connu)<\/p>\n\n\n\n<div class=\"wp-block-buttons is-content-justification-center is-layout-flex wp-container-core-buttons-is-layout-098cc607 wp-block-buttons-is-layout-flex\">\n<div class=\"wp-block-button\"><a class=\"wp-block-button__link wp-element-button\" href=\"https:\/\/www.radiopaysdegueret.fr\/marche-a-lombre\/fisher-kino\" target=\"_blank\" rel=\"noreferrer noopener\">La rediffusion<\/a><\/div>\n<\/div>\n<\/div>\n<\/div>\n\n\n\n<hr class=\"wp-block-separator has-alpha-channel-opacity\"\/>\n\n\n\n<div style=\"height:30px\" aria-hidden=\"true\" class=\"wp-block-spacer\"><\/div>\n\n\n\n<p class=\"has-text-align-center has-base-2-color has-text-color has-link-color wp-elements-b8c0d07615fbb0caa2a92e4aaec51ba5\"><strong>27 mars 2025 &#8211; Pr\u00e9sentation &#8211; La Montagne<\/strong><\/p>\n\n\n\n<div class=\"wp-block-columns is-layout-flex wp-container-core-columns-is-layout-28f84493 wp-block-columns-is-layout-flex\">\n<div class=\"wp-block-column is-layout-flow wp-block-column-is-layout-flow\">\n<p class=\"has-text-align-center\" style=\"padding-right:var(--wp--preset--spacing--40);padding-left:var(--wp--preset--spacing--40)\">Pr\u00e9sentation du concept Kino dans La Montagne.<\/p>\n\n\n\n<p class=\"has-text-align-center\" style=\"margin-right:var(--wp--preset--spacing--40);margin-left:var(--wp--preset--spacing--40)\">\u00ab\u00a0Quel est cet \u00e9v\u00e8nement Kinoxydable qui d\u00e9roule sa bobine \u00e0 Gu\u00e9ret ?\u00a0\u00bb<\/p>\n\n\n\n<div class=\"wp-block-buttons is-content-justification-center is-layout-flex wp-container-core-buttons-is-layout-a89b3969 wp-block-buttons-is-layout-flex\">\n<div class=\"wp-block-button\"><a class=\"wp-block-button__link wp-element-button\" href=\"https:\/\/www.lamontagne.fr\/gueret-23000\/loisirs\/pour-la-creation-video-collective_14659833\/\" target=\"_blank\" rel=\"noreferrer noopener\">Article du 24\/03\/25<\/a><\/div>\n<\/div>\n\n\n\n<div class=\"wp-block-buttons is-content-justification-center is-layout-flex wp-container-core-buttons-is-layout-098cc607 wp-block-buttons-is-layout-flex\">\n<div class=\"wp-block-button\"><a class=\"wp-block-button__link wp-element-button\" href=\"https:\/\/www.lamontagne.fr\/gueret-23000\/loisirs\/quel-est-cet-evenement-kinoxydable-qui-deroule-sa-bobine-a-gueret_14662462\/\" target=\"_blank\" rel=\"noreferrer noopener\">Arcticle du 27\/03\/25<\/a><\/div>\n<\/div>\n<\/div>\n\n\n\n<div class=\"wp-block-column is-layout-flow wp-block-column-is-layout-flow\">\n<figure class=\"wp-block-image size-full is-resized wp-duotone-unset-5\"><img loading=\"lazy\" decoding=\"async\" width=\"826\" height=\"804\" src=\"https:\/\/www.kinoxydable.org\/wp-content\/uploads\/2026\/02\/Capture-decran-2026-02-13-a-01.07.16.png\" alt=\"\" class=\"wp-image-599\" style=\"aspect-ratio:1.036811179633241;width:278px;height:auto\" srcset=\"https:\/\/www.kinoxydable.org\/wp-content\/uploads\/2026\/02\/Capture-decran-2026-02-13-a-01.07.16.png 826w, https:\/\/www.kinoxydable.org\/wp-content\/uploads\/2026\/02\/Capture-decran-2026-02-13-a-01.07.16-300x292.png 300w, https:\/\/www.kinoxydable.org\/wp-content\/uploads\/2026\/02\/Capture-decran-2026-02-13-a-01.07.16-768x748.png 768w\" sizes=\"auto, (max-width: 826px) 100vw, 826px\" \/><\/figure>\n<\/div>\n<\/div>\n\n\n\n<hr class=\"wp-block-separator has-alpha-channel-opacity\"\/>\n\n\n\n<p><\/p>\n","protected":false},"excerpt":{"rendered":"<p>Page Presse 12 f\u00e9vrier 2026 &#8211; Interview &#8211; RPG Notre passage sur les ondes de RPG dans l&rsquo;\u00e9mission Marche \u00e0 l&rsquo;ombre. On y d\u00e9taille les sp\u00e9cifit\u00e9s de notre format Kino. Merci aux \u00e9tudiants de l&rsquo;IUT pour leurs questions pertinentes et leur enthousiasme 12 au 16 mai 2025 &#8211; Reportage &#8211; RPG Couverture de l&rsquo;\u00e9v\u00e8nement par [&hellip;]<\/p>\n","protected":false},"author":1,"featured_media":0,"parent":0,"menu_order":0,"comment_status":"closed","ping_status":"closed","template":"","meta":{"footnotes":""},"class_list":["post-279","page","type-page","status-publish","hentry"],"_links":{"self":[{"href":"https:\/\/www.kinoxydable.org\/index.php\/wp-json\/wp\/v2\/pages\/279","targetHints":{"allow":["GET"]}}],"collection":[{"href":"https:\/\/www.kinoxydable.org\/index.php\/wp-json\/wp\/v2\/pages"}],"about":[{"href":"https:\/\/www.kinoxydable.org\/index.php\/wp-json\/wp\/v2\/types\/page"}],"author":[{"embeddable":true,"href":"https:\/\/www.kinoxydable.org\/index.php\/wp-json\/wp\/v2\/users\/1"}],"replies":[{"embeddable":true,"href":"https:\/\/www.kinoxydable.org\/index.php\/wp-json\/wp\/v2\/comments?post=279"}],"version-history":[{"count":19,"href":"https:\/\/www.kinoxydable.org\/index.php\/wp-json\/wp\/v2\/pages\/279\/revisions"}],"predecessor-version":[{"id":618,"href":"https:\/\/www.kinoxydable.org\/index.php\/wp-json\/wp\/v2\/pages\/279\/revisions\/618"}],"wp:attachment":[{"href":"https:\/\/www.kinoxydable.org\/index.php\/wp-json\/wp\/v2\/media?parent=279"}],"curies":[{"name":"wp","href":"https:\/\/api.w.org\/{rel}","templated":true}]}}