{"id":299,"date":"2026-01-19T01:29:30","date_gmt":"2026-01-19T00:29:30","guid":{"rendered":"https:\/\/www.kinoxydable.org\/?page_id=299"},"modified":"2026-01-24T14:14:04","modified_gmt":"2026-01-24T13:14:04","slug":"edition-2025","status":"publish","type":"page","link":"https:\/\/www.kinoxydable.org\/index.php\/edition-2025\/","title":{"rendered":"Edition 2025"},"content":{"rendered":"<center><iframe loading=\"lazy\" width=\"886\" height=\"500\" src=\"https:\/\/www.youtube.com\/embed\/7v5c32NH-Lw?si=lLuaKNzZvbif7FN5&amp;controls=1\" title=\"YouTube video player\" frameborder=\"0\" allow=\"accelerometer; autoplay; clipboard-write; encrypted-media; gyroscope; picture-in-picture; web-share\" referrerpolicy=\"strict-origin-when-cross-origin\" allowfullscreen><\/iframe><center>\n\n\n<hr class=\"wp-block-separator has-text-color has-contrast-2-color has-alpha-channel-opacity has-contrast-2-background-color has-background is-style-wide\" style=\"margin-top:var(--wp--preset--spacing--30);margin-bottom:var(--wp--preset--spacing--30)\"\/>\n\n\n<center><img loading=\"lazy\" decoding=\"async\" width=\"724\" height=\"1024\" src=\"https:\/\/www.kinoxydable.org\/wp-content\/uploads\/2026\/01\/Flyers-Final-724x1024.jpg\" alt=\"\" class=\"wp-image-420\" srcset=\"https:\/\/www.kinoxydable.org\/wp-content\/uploads\/2026\/01\/Flyers-Final-724x1024.jpg 724w, https:\/\/www.kinoxydable.org\/wp-content\/uploads\/2026\/01\/Flyers-Final-212x300.jpg 212w, https:\/\/www.kinoxydable.org\/wp-content\/uploads\/2026\/01\/Flyers-Final-768x1086.jpg 768w, https:\/\/www.kinoxydable.org\/wp-content\/uploads\/2026\/01\/Flyers-Final-1086x1536.jpg 1086w, https:\/\/www.kinoxydable.org\/wp-content\/uploads\/2026\/01\/Flyers-Final-1448x2048.jpg 1448w, https:\/\/www.kinoxydable.org\/wp-content\/uploads\/2026\/01\/Flyers-Final-8x12.jpg 8w, https:\/\/www.kinoxydable.org\/wp-content\/uploads\/2026\/01\/Flyers-Final-scaled.jpg 1810w\" sizes=\"auto, (max-width: 724px) 100vw, 724px\" \/><\/center>\n\n\n<hr class=\"wp-block-separator has-text-color has-contrast-2-color has-alpha-channel-opacity has-contrast-2-background-color has-background is-style-wide\" style=\"margin-top:var(--wp--preset--spacing--30);margin-bottom:var(--wp--preset--spacing--30)\"\/>\n\n\n\n<p><\/p>\n\n\n\n<h2 class=\"wp-block-heading has-text-align-center has-contrast-2-color has-text-color has-link-color wp-elements-eaf910ff8d523dc0dc094e40bc7c1bcc\" id=\"shorts\">En bref<\/h2>\n\n\n\n<div class=\"wp-block-columns is-layout-flex wp-container-core-columns-is-layout-28f84493 wp-block-columns-is-layout-flex\">\n<div class=\"wp-block-column is-layout-flow wp-block-column-is-layout-flow\">\n<iframe loading=\"lazy\" width=\"333\" height=\"600\" src=\"https:\/\/www.youtube.com\/embed\/d6fbKBVWESk?si=nGKYrn2vSfnU_CVe&amp;controls=0\" title=\"YouTube video player\" frameborder=\"0\" allow=\"accelerometer; autoplay; clipboard-write; encrypted-media; gyroscope; picture-in-picture; web-share\" referrerpolicy=\"strict-origin-when-cross-origin\" allowfullscreen><\/iframe>\n<\/div>\n\n\n\n<div class=\"wp-block-column is-layout-flow wp-block-column-is-layout-flow\">\n<iframe loading=\"lazy\" width=\"333\" height=\"600\" src=\"https:\/\/www.youtube.com\/embed\/nJJ4wZIOOWs?si=qDk8sb88b8a67uHQ&amp;controls=0\" title=\"YouTube video player\" frameborder=\"0\" allow=\"accelerometer; autoplay; clipboard-write; encrypted-media; gyroscope; picture-in-picture; web-share\" referrerpolicy=\"strict-origin-when-cross-origin\" allowfullscreen><\/iframe>\n<\/div>\n\n\n\n<div class=\"wp-block-column is-layout-flow wp-block-column-is-layout-flow\">\n<iframe loading=\"lazy\" width=\"333\" height=\"600\" src=\"https:\/\/www.youtube.com\/embed\/ya9ZXQvRJbY?si=lLuaKNzZvbif7FN5&amp;controls=0\" title=\"YouTube video player\" frameborder=\"0\" allow=\"accelerometer; autoplay; clipboard-write; encrypted-media; gyroscope; picture-in-picture; web-share\" referrerpolicy=\"strict-origin-when-cross-origin\" allowfullscreen><\/iframe>\n<\/div>\n<\/div>\n\n\n\n<hr class=\"wp-block-separator has-text-color has-contrast-2-color has-alpha-channel-opacity has-contrast-2-background-color has-background is-style-wide\" style=\"margin-top:var(--wp--preset--spacing--30);margin-bottom:var(--wp--preset--spacing--30)\"\/>\n\n\n\n<h2 class=\"wp-block-heading has-text-align-center has-contrast-2-color has-text-color has-link-color wp-elements-836a4debc0982dacbf40aead57e9c44c\" id=\"moreinfo\">Plus d&rsquo;infos<\/h2>\n\n\n\n<div class=\"wp-block-group has-global-padding is-layout-constrained wp-block-group-is-layout-constrained\">\n<p class=\"has-contrast-2-color has-text-color has-link-color wp-elements-b5cd4f1580102ba73765311b147dd9a2\"><strong>Un kino&nbsp;?<\/strong><\/p>\n\n\n\n<p style=\"margin-right:0;margin-left:0;padding-top:0;padding-right:0;padding-bottom:0;padding-left:0\">Tou.te.s les cr\u00e9ateurices, novices ou confirm\u00e9.e.s qui souhaitent faire du cin\u00e9ma et participer \u00e0 l&rsquo;aventure sont les bienvenu.e.s au Kino.<br>Fan de writing, realising, acting, cameraing, maquilling souhaitant mettre \u00e0 profit ses comp\u00e9tences, techniques ou non, au service d&rsquo;une \u00e9mulation collective d\u00e9di\u00e9e&nbsp;\u00e0 la cr\u00e9ation de courts-m\u00e9trages.<br>Le Kino donne la chance \u00e0 tou.te.s d\u2019entreprendre une d\u00e9marche artistique de cin\u00e9ma, sans distinction&nbsp;d&rsquo;exp\u00e9riences&nbsp;ou de comp\u00e9tences.<\/p>\n\n\n\n<p>Le but \u00e9tant de mettre tout ceci en commun dans un esprit d\u2019entraide et de partage des ressources et des id\u00e9es.<\/p>\n\n\n\n<p>Le prix pour la semaine compl\u00e8te est donc fix\u00e9 \u00e0 60\u20ac par personne (prix comprenant les petits dej, le repas du midi, l&rsquo;assurance, la location de mat\u00e9riel et autres).<\/p>\n\n\n\n<p>Un tarif solidaire sera possible, contactez-nous pour plus d&rsquo;infos.<\/p>\n\n\n\n<p class=\"has-contrast-2-color has-text-color has-link-color wp-elements-27e63e92c8c33217b71b57c8745a3d5f\"><strong>O\u00f9 et quand ?<\/strong><\/p>\n\n\n\n<p>Cela se passera \u00e0 la Quincaillerie Num\u00e9rique \u00e0 Gu\u00e9ret, du lundi 5 mai apr\u00e8s-midi au samedi 10 mai au soir.<\/p>\n\n\n\n<p>Une projection de tous les films est pr\u00e9vue au cin\u00e9ma le S\u00e9n\u00e9chal le 10 mai au soir, pour cl\u00f4turer le Kino. Ouverte \u00e0 tou.te.s, kino\u00eftes ou non.<\/p>\n\n\n\n<p class=\"has-contrast-2-color has-text-color has-link-color wp-elements-07f646998cebaa6187ae2897332c26f6\"><strong>Le programme :<\/strong><\/p>\n\n\n\n<p>Le lundi sera une apr\u00e8s midi de rencontres, puis \u00ab&nbsp;de chauffe&nbsp;\u00bb o\u00f9 pour se familiariser avec les diff\u00e9rentes \u00e9tapes de cr\u00e9ation, on r\u00e9alise un film en 24h&nbsp;!<\/p>\n\n\n\n<p>Puis du mercredi au samedi, selon les projets et les affinit\u00e9s, des \u00e9quipes se forment et la magie op\u00e8re&nbsp;!<\/p>\n\n\n\n<p id=\"planning\">Voici une id\u00e9e plus d\u00e9taill\u00e9e du planning :<\/p>\n\n\n\n<figure class=\"wp-block-image size-full wp-duotone-unset-1\"><img loading=\"lazy\" decoding=\"async\" width=\"839\" height=\"463\" src=\"https:\/\/www.kinoxydable.org\/wp-content\/uploads\/2025\/03\/Capture-decran-2025-03-28-a-13.31.54.png\" alt=\"\" class=\"wp-image-262\" srcset=\"https:\/\/www.kinoxydable.org\/wp-content\/uploads\/2025\/03\/Capture-decran-2025-03-28-a-13.31.54.png 839w, https:\/\/www.kinoxydable.org\/wp-content\/uploads\/2025\/03\/Capture-decran-2025-03-28-a-13.31.54-300x166.png 300w, https:\/\/www.kinoxydable.org\/wp-content\/uploads\/2025\/03\/Capture-decran-2025-03-28-a-13.31.54-768x424.png 768w, https:\/\/www.kinoxydable.org\/wp-content\/uploads\/2025\/03\/Capture-decran-2025-03-28-a-13.31.54-18x10.png 18w\" sizes=\"auto, (max-width: 839px) 100vw, 839px\" \/><\/figure>\n\n\n\n<p class=\"has-contrast-2-color has-text-color has-link-color wp-elements-f2ca61c3fc1124602cca83f8a9be89ac\"><strong>Inscription&nbsp;:<\/strong><\/p>\n\n\n\n<p>Le nombre d&rsquo;inscriptions est limit\u00e9 \u00e0 30 personnes.<\/p>\n\n\n\n<p>Vous pouvez retrouver, en haut de cette page, les liens vers le formulaire d&rsquo;inscriptions ainsi que les modalit\u00e9s de paiement.<\/p>\n\n\n\n<p class=\"has-contrast-2-color has-text-color has-link-color wp-elements-095909c936878802dbade7a4816975bd\"><strong>Les inscriptions se termineront le&nbsp;15 Avril au plus tard.<\/strong><\/p>\n<\/div>\n\n\n\n<div style=\"height:75px\" aria-hidden=\"true\" class=\"wp-block-spacer\"><\/div>\n\n\n\n<div class=\"wp-block-group is-layout-flow wp-block-group-is-layout-flow\">\n<h2 class=\"wp-block-heading has-text-align-center has-contrast-2-color has-text-color has-link-color wp-elements-d0609edad73ce261f95a62f58caf1edf\">Nos partenaires<\/h2>\n\n\n\n<div class=\"wp-block-columns is-layout-flex wp-container-core-columns-is-layout-28f84493 wp-block-columns-is-layout-flex\">\n<div class=\"wp-block-column is-layout-flow wp-block-column-is-layout-flow\">\n<figure class=\"wp-block-image aligncenter size-full wp-duotone-duotone-2\"><a href=\"https:\/\/www.facebook.com\/atelierdesastres\" target=\"_blank\" rel=\" noreferrer noopener\"><img loading=\"lazy\" decoding=\"async\" width=\"700\" height=\"700\" src=\"https:\/\/www.kinoxydable.org\/wp-content\/uploads\/2025\/03\/berlue.png\" alt=\"\" class=\"wp-image-203\" srcset=\"https:\/\/www.kinoxydable.org\/wp-content\/uploads\/2025\/03\/berlue.png 700w, https:\/\/www.kinoxydable.org\/wp-content\/uploads\/2025\/03\/berlue-300x300.png 300w, https:\/\/www.kinoxydable.org\/wp-content\/uploads\/2025\/03\/berlue-150x150.png 150w\" sizes=\"auto, (max-width: 700px) 100vw, 700px\" \/><\/a><\/figure>\n\n\n\n<p class=\"has-text-align-center\">La Berlue<\/p>\n<\/div>\n\n\n\n<div class=\"wp-block-column is-layout-flow wp-block-column-is-layout-flow\">\n<figure class=\"wp-block-image size-full wp-duotone-duotone-2\"><a href=\"https:\/\/www.laquincaillerie.tl\/\" target=\"_blank\" rel=\" noreferrer noopener\"><img loading=\"lazy\" decoding=\"async\" width=\"250\" height=\"250\" src=\"https:\/\/www.kinoxydable.org\/wp-content\/uploads\/2025\/02\/quincaille.png\" alt=\"\" class=\"wp-image-184\" srcset=\"https:\/\/www.kinoxydable.org\/wp-content\/uploads\/2025\/02\/quincaille.png 250w, https:\/\/www.kinoxydable.org\/wp-content\/uploads\/2025\/02\/quincaille-150x150.png 150w\" sizes=\"auto, (max-width: 250px) 100vw, 250px\" \/><\/a><\/figure>\n\n\n\n<p class=\"has-text-align-center\">La Quincaillerie Num\u00e9rique<\/p>\n<\/div>\n\n\n\n<div class=\"wp-block-column is-layout-flow wp-block-column-is-layout-flow\">\n<figure class=\"wp-block-image size-full wp-duotone-duotone-2\"><a href=\"https:\/\/www.facebook.com\/cafeterrien\" target=\"_blank\" rel=\" noreferrer noopener\"><img loading=\"lazy\" decoding=\"async\" width=\"625\" height=\"625\" src=\"https:\/\/www.kinoxydable.org\/wp-content\/uploads\/2025\/02\/cafeterrien.jpg\" alt=\"\" class=\"wp-image-183\" srcset=\"https:\/\/www.kinoxydable.org\/wp-content\/uploads\/2025\/02\/cafeterrien.jpg 625w, https:\/\/www.kinoxydable.org\/wp-content\/uploads\/2025\/02\/cafeterrien-300x300.jpg 300w, https:\/\/www.kinoxydable.org\/wp-content\/uploads\/2025\/02\/cafeterrien-150x150.jpg 150w\" sizes=\"auto, (max-width: 625px) 100vw, 625px\" \/><\/a><\/figure>\n\n\n\n<p class=\"has-text-align-center\">Le Caf\u00e9 Terrien<\/p>\n<\/div>\n\n\n\n<div class=\"wp-block-column is-layout-flow wp-block-column-is-layout-flow\">\n<figure class=\"wp-block-image size-full wp-duotone-duotone-2\"><a href=\"https:\/\/www.telegueretvision.fr\/\" target=\"_blank\" rel=\" noreferrer noopener\"><img loading=\"lazy\" decoding=\"async\" width=\"304\" height=\"304\" src=\"https:\/\/www.kinoxydable.org\/wp-content\/uploads\/2025\/02\/tgv.jpg\" alt=\"\" class=\"wp-image-185\" srcset=\"https:\/\/www.kinoxydable.org\/wp-content\/uploads\/2025\/02\/tgv.jpg 304w, https:\/\/www.kinoxydable.org\/wp-content\/uploads\/2025\/02\/tgv-300x300.jpg 300w, https:\/\/www.kinoxydable.org\/wp-content\/uploads\/2025\/02\/tgv-150x150.jpg 150w\" sizes=\"auto, (max-width: 304px) 100vw, 304px\" \/><\/a><\/figure>\n\n\n\n<p class=\"has-text-align-center\">T\u00e9l\u00e9 Gu\u00e9ret Vision<\/p>\n<\/div>\n\n\n\n<div class=\"wp-block-column is-layout-flow wp-block-column-is-layout-flow\">\n<figure class=\"wp-block-image size-full wp-duotone-duotone-2\"><a href=\"https:\/\/www.radiopaysdegueret.fr\/\" target=\"_blank\" rel=\" noreferrer noopener\"><img loading=\"lazy\" decoding=\"async\" width=\"960\" height=\"960\" src=\"https:\/\/www.kinoxydable.org\/wp-content\/uploads\/2025\/03\/RPG-Gueret.png\" alt=\"\" class=\"wp-image-204\" srcset=\"https:\/\/www.kinoxydable.org\/wp-content\/uploads\/2025\/03\/RPG-Gueret.png 960w, https:\/\/www.kinoxydable.org\/wp-content\/uploads\/2025\/03\/RPG-Gueret-300x300.png 300w, https:\/\/www.kinoxydable.org\/wp-content\/uploads\/2025\/03\/RPG-Gueret-150x150.png 150w, https:\/\/www.kinoxydable.org\/wp-content\/uploads\/2025\/03\/RPG-Gueret-768x768.png 768w\" sizes=\"auto, (max-width: 960px) 100vw, 960px\" \/><\/a><\/figure>\n\n\n\n<p class=\"has-text-align-center\">Radio Pays de Gu\u00e9ret<\/p>\n<\/div>\n\n\n\n<div class=\"wp-block-column is-layout-flow wp-block-column-is-layout-flow\">\n<figure class=\"wp-block-image size-full wp-duotone-duotone-2\"><a href=\"https:\/\/lesfilmsdelacaillasse.com\/\" target=\"_blank\" rel=\" noreferrer noopener\"><img loading=\"lazy\" decoding=\"async\" width=\"848\" height=\"848\" src=\"https:\/\/www.kinoxydable.org\/wp-content\/uploads\/2025\/02\/caillasse.jpg\" alt=\"\" class=\"wp-image-181\" srcset=\"https:\/\/www.kinoxydable.org\/wp-content\/uploads\/2025\/02\/caillasse.jpg 848w, https:\/\/www.kinoxydable.org\/wp-content\/uploads\/2025\/02\/caillasse-300x300.jpg 300w, https:\/\/www.kinoxydable.org\/wp-content\/uploads\/2025\/02\/caillasse-150x150.jpg 150w, https:\/\/www.kinoxydable.org\/wp-content\/uploads\/2025\/02\/caillasse-768x768.jpg 768w\" sizes=\"auto, (max-width: 848px) 100vw, 848px\" \/><\/a><\/figure>\n\n\n\n<p class=\"has-text-align-center\">Les films de la Caillasse<\/p>\n<\/div>\n<\/div>\n\n\n\n<div class=\"wp-block-columns is-layout-flex wp-container-core-columns-is-layout-28f84493 wp-block-columns-is-layout-flex\">\n<div class=\"wp-block-column is-layout-flow wp-block-column-is-layout-flow\">\n<figure class=\"wp-block-image size-full wp-duotone-duotone-2\"><a href=\"https:\/\/www.cinema-senechal.com\/\" target=\"_blank\" rel=\" noreferrer noopener\"><img loading=\"lazy\" decoding=\"async\" width=\"883\" height=\"882\" src=\"https:\/\/www.kinoxydable.org\/wp-content\/uploads\/2025\/02\/senechal.png\" alt=\"\" class=\"wp-image-191\" srcset=\"https:\/\/www.kinoxydable.org\/wp-content\/uploads\/2025\/02\/senechal.png 883w, https:\/\/www.kinoxydable.org\/wp-content\/uploads\/2025\/02\/senechal-300x300.png 300w, https:\/\/www.kinoxydable.org\/wp-content\/uploads\/2025\/02\/senechal-150x150.png 150w, https:\/\/www.kinoxydable.org\/wp-content\/uploads\/2025\/02\/senechal-768x767.png 768w\" sizes=\"auto, (max-width: 883px) 100vw, 883px\" \/><\/a><\/figure>\n\n\n\n<p class=\"has-text-align-center\">Cin\u00e9ma Le S\u00e9n\u00e9chal<\/p>\n<\/div>\n\n\n\n<div class=\"wp-block-column is-layout-flow wp-block-column-is-layout-flow\">\n<figure class=\"wp-block-image size-large wp-duotone-duotone-2\"><a href=\"https:\/\/telemillevaches.net\/\" target=\"_blank\" rel=\" noreferrer noopener\"><img loading=\"lazy\" decoding=\"async\" width=\"1024\" height=\"1024\" src=\"https:\/\/www.kinoxydable.org\/wp-content\/uploads\/2025\/02\/telemillevaches-1024x1024.jpg\" alt=\"\" class=\"wp-image-190\" srcset=\"https:\/\/www.kinoxydable.org\/wp-content\/uploads\/2025\/02\/telemillevaches-1024x1024.jpg 1024w, https:\/\/www.kinoxydable.org\/wp-content\/uploads\/2025\/02\/telemillevaches-300x300.jpg 300w, https:\/\/www.kinoxydable.org\/wp-content\/uploads\/2025\/02\/telemillevaches-150x150.jpg 150w, https:\/\/www.kinoxydable.org\/wp-content\/uploads\/2025\/02\/telemillevaches-768x768.jpg 768w, https:\/\/www.kinoxydable.org\/wp-content\/uploads\/2025\/02\/telemillevaches.jpg 1512w\" sizes=\"auto, (max-width: 1024px) 100vw, 1024px\" \/><\/a><\/figure>\n\n\n\n<p class=\"has-text-align-center\">T\u00e9l\u00e9 Mille vaches<\/p>\n<\/div>\n\n\n\n<div class=\"wp-block-column is-layout-flow wp-block-column-is-layout-flow\">\n<figure class=\"wp-block-image size-full wp-duotone-duotone-2\"><a href=\"https:\/\/www.grandgueret.com\/\" target=\"_blank\" rel=\" noreferrer noopener\"><img loading=\"lazy\" decoding=\"async\" width=\"547\" height=\"547\" src=\"https:\/\/www.kinoxydable.org\/wp-content\/uploads\/2025\/02\/agglo.jpg\" alt=\"\" class=\"wp-image-198\" srcset=\"https:\/\/www.kinoxydable.org\/wp-content\/uploads\/2025\/02\/agglo.jpg 547w, https:\/\/www.kinoxydable.org\/wp-content\/uploads\/2025\/02\/agglo-300x300.jpg 300w, https:\/\/www.kinoxydable.org\/wp-content\/uploads\/2025\/02\/agglo-150x150.jpg 150w\" sizes=\"auto, (max-width: 547px) 100vw, 547px\" \/><\/a><\/figure>\n\n\n\n<p class=\"has-text-align-center\">L&rsquo;Agglo Grand Gu\u00e9ret<\/p>\n<\/div>\n\n\n\n<div class=\"wp-block-column is-layout-flow wp-block-column-is-layout-flow\"><\/div>\n\n\n\n<div class=\"wp-block-column is-layout-flow wp-block-column-is-layout-flow\"><\/div>\n\n\n\n<div class=\"wp-block-column is-layout-flow wp-block-column-is-layout-flow\"><\/div>\n<\/div>\n<\/div>\n","protected":false},"excerpt":{"rendered":"<p>En bref Plus d&rsquo;infos Un kino&nbsp;? Tou.te.s les cr\u00e9ateurices, novices ou confirm\u00e9.e.s qui souhaitent faire du cin\u00e9ma et participer \u00e0 l&rsquo;aventure sont les bienvenu.e.s au Kino.Fan de writing, realising, acting, cameraing, maquilling souhaitant mettre \u00e0 profit ses comp\u00e9tences, techniques ou non, au service d&rsquo;une \u00e9mulation collective d\u00e9di\u00e9e&nbsp;\u00e0 la cr\u00e9ation de courts-m\u00e9trages.Le Kino donne la chance [&hellip;]<\/p>\n","protected":false},"author":1,"featured_media":420,"parent":0,"menu_order":0,"comment_status":"closed","ping_status":"closed","template":"archive-homepage","meta":{"footnotes":""},"class_list":["post-299","page","type-page","status-publish","has-post-thumbnail","hentry"],"_links":{"self":[{"href":"https:\/\/www.kinoxydable.org\/index.php\/wp-json\/wp\/v2\/pages\/299","targetHints":{"allow":["GET"]}}],"collection":[{"href":"https:\/\/www.kinoxydable.org\/index.php\/wp-json\/wp\/v2\/pages"}],"about":[{"href":"https:\/\/www.kinoxydable.org\/index.php\/wp-json\/wp\/v2\/types\/page"}],"author":[{"embeddable":true,"href":"https:\/\/www.kinoxydable.org\/index.php\/wp-json\/wp\/v2\/users\/1"}],"replies":[{"embeddable":true,"href":"https:\/\/www.kinoxydable.org\/index.php\/wp-json\/wp\/v2\/comments?post=299"}],"version-history":[{"count":5,"href":"https:\/\/www.kinoxydable.org\/index.php\/wp-json\/wp\/v2\/pages\/299\/revisions"}],"predecessor-version":[{"id":422,"href":"https:\/\/www.kinoxydable.org\/index.php\/wp-json\/wp\/v2\/pages\/299\/revisions\/422"}],"wp:featuredmedia":[{"embeddable":true,"href":"https:\/\/www.kinoxydable.org\/index.php\/wp-json\/wp\/v2\/media\/420"}],"wp:attachment":[{"href":"https:\/\/www.kinoxydable.org\/index.php\/wp-json\/wp\/v2\/media?parent=299"}],"curies":[{"name":"wp","href":"https:\/\/api.w.org\/{rel}","templated":true}]}}